{"id":33,"date":"2023-12-13T15:50:00","date_gmt":"2023-12-13T15:50:00","guid":{"rendered":"https:\/\/themexriver.com\/wp\/future\/?page_id=33"},"modified":"2024-05-14T18:06:49","modified_gmt":"2024-05-14T21:06:49","slug":"faq","status":"publish","type":"page","link":"https:\/\/dennytorres.com\/site\/faq\/","title":{"rendered":"Faq"},"content":{"rendered":"\t\t<div data-elementor-type=\"wp-page\" data-elementor-id=\"33\" class=\"elementor elementor-33\">\n\t\t\t\t\t\t<section class=\"elementor-section elementor-top-section elementor-element elementor-element-bf02410 elementor-section-boxed elementor-section-height-default elementor-section-height-default\" data-id=\"bf02410\" data-element_type=\"section\">\n\t\t\t\t\t\t<div class=\"elementor-container elementor-column-gap-default\">\n\t\t\t\t\t<div class=\"elementor-column elementor-col-50 elementor-top-column elementor-element elementor-element-839bdb9\" data-id=\"839bdb9\" data-element_type=\"column\">\n\t\t\t<div class=\"elementor-widget-wrap elementor-element-populated\">\n\t\t\t\t\t\t<div class=\"elementor-element elementor-element-e5f0538 elementor-widget elementor-widget-tx_faq elh-el tx_faq\" data-id=\"e5f0538\" data-element_type=\"widget\" data-settings=\"{&quot;design_style&quot;:&quot;style_1&quot;}\" data-widget_type=\"tx_faq.default\">\n\t\t\t\t<div class=\"elementor-widget-container\">\n\t\t\t\t\t<ul class=\"accordion-box list-unstyled\">\r\n        <li class=\"accordion block active-block\">\r\n        <div class=\"acc-btn active\">\r\n            <div class=\"icon-outer\">\r\n                <span class=\"icon icon-plus fa fa-plus\"><\/span>\r\n                <span class=\"icon icon-minus fa fa-minus\"><\/span>\r\n            <\/div>\r\n            O que \u00e9 minera\u00e7\u00e3o de criptomoedas?        <\/div>\r\n        <div class=\"acc-content current\">\r\n                        <div class=\"content\">\r\n                <div class=\"text\">A minera\u00e7\u00e3o de criptomoedas \u00e9 o processo de validar transa\u00e7\u00f5es na blockchain e criar novos blocos. Os mineradores utilizam poder computacional para resolver complexos problemas matem\u00e1ticos, sendo recompensados com criptomoedas.<\/div>\r\n            <\/div>\r\n                    <\/div>\r\n    <\/li>\r\n        <li class=\"accordion block \">\r\n        <div class=\"acc-btn \">\r\n            <div class=\"icon-outer\">\r\n                <span class=\"icon icon-plus fa fa-plus\"><\/span>\r\n                <span class=\"icon icon-minus fa fa-minus\"><\/span>\r\n            <\/div>\r\n            Quais s\u00e3o os custos envolvidos na minera\u00e7\u00e3o de criptomoedas?        <\/div>\r\n        <div class=\"acc-content \">\r\n                        <div class=\"content\">\r\n                <div class=\"text\">Os principais custos incluem o investimento inicial em hardware, eletricidade, manuten\u00e7\u00e3o do equipamento e, possivelmente, taxas de pool de minera\u00e7\u00e3o.<\/div>\r\n            <\/div>\r\n                    <\/div>\r\n    <\/li>\r\n        <li class=\"accordion block \">\r\n        <div class=\"acc-btn \">\r\n            <div class=\"icon-outer\">\r\n                <span class=\"icon icon-plus fa fa-plus\"><\/span>\r\n                <span class=\"icon icon-minus fa fa-minus\"><\/span>\r\n            <\/div>\r\n            Qual a diferen\u00e7a entre minera\u00e7\u00e3o com GPU e ASIC?        <\/div>\r\n        <div class=\"acc-content \">\r\n                        <div class=\"content\">\r\n                <div class=\"text\">GPU (Unidade de Processamento Gr\u00e1fico): Ideal para minerar v\u00e1rias criptomoedas e oferece flexibilidade.\nASIC (Circuito Integrado de Aplica\u00e7\u00e3o Espec\u00edfica): Projetado para minerar uma criptomoeda espec\u00edfica com alta efici\u00eancia e velocidade.<\/div>\r\n            <\/div>\r\n                    <\/div>\r\n    <\/li>\r\n        <li class=\"accordion block \">\r\n        <div class=\"acc-btn \">\r\n            <div class=\"icon-outer\">\r\n                <span class=\"icon icon-plus fa fa-plus\"><\/span>\r\n                <span class=\"icon icon-minus fa fa-minus\"><\/span>\r\n            <\/div>\r\n            Quais criptomoedas s\u00e3o mais lucrativas para minerar?        <\/div>\r\n        <div class=\"acc-content \">\r\n                        <div class=\"content\">\r\n                <div class=\"text\">A lucratividade varia com o tempo devido \u00e0s mudan\u00e7as no valor das criptomoedas e na dificuldade de minera\u00e7\u00e3o. Denny Torres recomenda ficar atento ao mercado e usar ferramentas de c\u00e1lculo de lucratividade.<\/div>\r\n            <\/div>\r\n                    <\/div>\r\n    <\/li>\r\n    \r\n<\/ul>\t\t\t\t<\/div>\n\t\t\t\t<\/div>\n\t\t\t\t\t<\/div>\n\t\t<\/div>\n\t\t\t\t<div class=\"elementor-column elementor-col-50 elementor-top-column elementor-element elementor-element-f3b802e\" data-id=\"f3b802e\" data-element_type=\"column\">\n\t\t\t<div class=\"elementor-widget-wrap elementor-element-populated\">\n\t\t\t\t\t\t<div class=\"elementor-element elementor-element-a7fcc5d elementor-widget elementor-widget-tx_faq elh-el tx_faq\" data-id=\"a7fcc5d\" data-element_type=\"widget\" data-settings=\"{&quot;design_style&quot;:&quot;style_1&quot;}\" data-widget_type=\"tx_faq.default\">\n\t\t\t\t<div class=\"elementor-widget-container\">\n\t\t\t\t\t<ul class=\"accordion-box list-unstyled\">\r\n        <li class=\"accordion block \">\r\n        <div class=\"acc-btn \">\r\n            <div class=\"icon-outer\">\r\n                <span class=\"icon icon-plus fa fa-plus\"><\/span>\r\n                <span class=\"icon icon-minus fa fa-minus\"><\/span>\r\n            <\/div>\r\n            \u00c9 poss\u00edvel minerar criptomoedas em casa?        <\/div>\r\n        <div class=\"acc-content \">\r\n                        <div class=\"content\">\r\n                <div class=\"text\">Sim, \u00e9 poss\u00edvel minerar criptomoedas em casa, especialmente com GPUs e CPUs. No entanto, \u00e9 importante considerar os custos de eletricidade, ru\u00eddo e calor gerado pelo equipamento, al\u00e9m de poss\u00edveis regulamenta\u00e7\u00f5es locais.<\/div>\r\n            <\/div>\r\n                    <\/div>\r\n    <\/li>\r\n        <li class=\"accordion block \">\r\n        <div class=\"acc-btn \">\r\n            <div class=\"icon-outer\">\r\n                <span class=\"icon icon-plus fa fa-plus\"><\/span>\r\n                <span class=\"icon icon-minus fa fa-minus\"><\/span>\r\n            <\/div>\r\n            Como escolher uma criptomoeda para minerar?        <\/div>\r\n        <div class=\"acc-content \">\r\n                        <div class=\"content\">\r\n                <div class=\"text\">Denny Torres sugere analisar a dificuldade de minera\u00e7\u00e3o, a recompensa por bloco, a valoriza\u00e7\u00e3o da criptomoeda e o suporte da comunidade. Criptomoedas emergentes podem ser mais lucrativas devido \u00e0 menor competi\u00e7\u00e3o.<\/div>\r\n            <\/div>\r\n                    <\/div>\r\n    <\/li>\r\n        <li class=\"accordion block active-block\">\r\n        <div class=\"acc-btn active\">\r\n            <div class=\"icon-outer\">\r\n                <span class=\"icon icon-plus fa fa-plus\"><\/span>\r\n                <span class=\"icon icon-minus fa fa-minus\"><\/span>\r\n            <\/div>\r\n            O que s\u00e3o pools de minera\u00e7\u00e3o e como funcionam?        <\/div>\r\n        <div class=\"acc-content current\">\r\n                        <div class=\"content\">\r\n                <div class=\"text\">Pools de minera\u00e7\u00e3o s\u00e3o grupos de mineradores que combinam seu poder computacional para aumentar as chances de resolver blocos. As recompensas s\u00e3o distribu\u00eddas proporcionalmente ao poder de hash contribu\u00eddo por cada minerador no pool.<\/div>\r\n            <\/div>\r\n                    <\/div>\r\n    <\/li>\r\n        <li class=\"accordion block \">\r\n        <div class=\"acc-btn \">\r\n            <div class=\"icon-outer\">\r\n                <span class=\"icon icon-plus fa fa-plus\"><\/span>\r\n                <span class=\"icon icon-minus fa fa-minus\"><\/span>\r\n            <\/div>\r\n            Quais s\u00e3o os maiores desafios na minera\u00e7\u00e3o de criptomoedas?        <\/div>\r\n        <div class=\"acc-content \">\r\n                        <div class=\"content\">\r\n                <div class=\"text\">Consumo de energia: Minera\u00e7\u00e3o consome muita eletricidade.\nCompeti\u00e7\u00e3o: Aumento da dificuldade de minera\u00e7\u00e3o e competi\u00e7\u00e3o.\nRegula\u00e7\u00e3o: Mudan\u00e7as nas pol\u00edticas governamentais podem impactar a minera\u00e7\u00e3o.\nVolatilidade: Oscila\u00e7\u00f5es no pre\u00e7o das criptomoedas afetam a lucratividade.<\/div>\r\n            <\/div>\r\n                    <\/div>\r\n    <\/li>\r\n    \r\n<\/ul>\t\t\t\t<\/div>\n\t\t\t\t<\/div>\n\t\t\t\t\t<\/div>\n\t\t<\/div>\n\t\t\t\t\t<\/div>\n\t\t<\/section>\n\t\t\t\t<\/div>\n\t\t","protected":false},"excerpt":{"rendered":"<p>O que \u00e9 minera\u00e7\u00e3o de criptomoedas? A minera\u00e7\u00e3o de criptomoedas \u00e9 o processo de validar transa\u00e7\u00f5es na blockchain e criar novos blocos. Os mineradores utilizam poder computacional para resolver complexos problemas matem\u00e1ticos, sendo recompensados com criptomoedas. Quais s\u00e3o os custos envolvidos na minera\u00e7\u00e3o de criptomoedas? Os principais custos incluem o investimento inicial em hardware, eletricidade, [&hellip;]<\/p>\n","protected":false},"author":1,"featured_media":0,"parent":0,"menu_order":0,"comment_status":"closed","ping_status":"closed","template":"elementor_header_footer","meta":{"footnotes":""},"class_list":["post-33","page","type-page","status-publish","hentry"],"_links":{"self":[{"href":"https:\/\/dennytorres.com\/site\/wp-json\/wp\/v2\/pages\/33","targetHints":{"allow":["GET"]}}],"collection":[{"href":"https:\/\/dennytorres.com\/site\/wp-json\/wp\/v2\/pages"}],"about":[{"href":"https:\/\/dennytorres.com\/site\/wp-json\/wp\/v2\/types\/page"}],"author":[{"embeddable":true,"href":"https:\/\/dennytorres.com\/site\/wp-json\/wp\/v2\/users\/1"}],"replies":[{"embeddable":true,"href":"https:\/\/dennytorres.com\/site\/wp-json\/wp\/v2\/comments?post=33"}],"version-history":[{"count":6,"href":"https:\/\/dennytorres.com\/site\/wp-json\/wp\/v2\/pages\/33\/revisions"}],"predecessor-version":[{"id":12432,"href":"https:\/\/dennytorres.com\/site\/wp-json\/wp\/v2\/pages\/33\/revisions\/12432"}],"wp:attachment":[{"href":"https:\/\/dennytorres.com\/site\/wp-json\/wp\/v2\/media?parent=33"}],"curies":[{"name":"wp","href":"https:\/\/api.w.org\/{rel}","templated":true}]}}